{"id":111,"date":"2021-07-01T09:49:39","date_gmt":"2021-07-01T12:49:39","guid":{"rendered":"https:\/\/adhequar.com.br\/?page_id=111"},"modified":"2024-06-25T14:34:44","modified_gmt":"2024-06-25T17:34:44","slug":"servicos","status":"publish","type":"page","link":"https:\/\/adhequar.com.br\/?page_id=111","title":{"rendered":"Servi\u00e7os"},"content":{"rendered":"\n<p class=\"has-black-color has-text-color\"><strong><mark style=\"background-color:rgba(0, 0, 0, 0)\" class=\"has-inline-color has-black-color\">A Adhequar Solu\u00e7\u00f5es em Sa\u00fade conta com os servi\u00e7os de:<\/mark><\/strong><\/p>\n\n\n\n<ul class=\"has-black-color has-text-color wp-block-list\">\n<li><strong><mark style=\"background-color:rgba(0, 0, 0, 0)\" class=\"has-inline-color has-black-color\">LIBERA\u00c7\u00c3O DE GUIAS DE OPME<\/mark><\/strong><\/li>\n\n\n\n<li><strong><mark style=\"background-color:rgba(0, 0, 0, 0)\" class=\"has-inline-color has-black-color\">AN\u00c1LISE DETALHADA DE OPME<\/mark><\/strong><\/li>\n\n\n\n<li><strong><mark style=\"background-color:rgba(0, 0, 0, 0)\" class=\"has-inline-color has-black-color\">NEGOCIA\u00c7\u00c3O T\u00c9CNICA E DE VALORES<\/mark><\/strong><\/li>\n\n\n\n<li><strong><mark style=\"background-color:rgba(0, 0, 0, 0)\" class=\"has-inline-color has-black-color\">PARECER DE SEGUNDA OPINI\u00c3O<\/mark><\/strong><\/li>\n\n\n\n<li><strong><mark style=\"background-color:rgba(0, 0, 0, 0)\" class=\"has-inline-color has-black-color\">NEGOCIA\u00c7\u00c3O DE TABELAS DE OPME<\/mark><\/strong><\/li>\n\n\n\n<li><strong><mark style=\"background-color:rgba(0, 0, 0, 0)\" class=\"has-inline-color has-black-color\">PADRONIZA\u00c7\u00c3O DE C\u00d3DIGOS TUSS E PR\u00d3PRIOS (HIGIENIZA\u00c7\u00c3O DE TABELAS)<\/mark><\/strong><\/li>\n\n\n\n<li><strong><mark style=\"background-color:rgba(0, 0, 0, 0)\" class=\"has-inline-color has-black-color\">CURSO DE ATUALIZA\u00c7\u00c3O EM OPME<\/mark><\/strong><\/li>\n<\/ul>\n\n\n\n<p><br><\/p>\n\n\n\n<p class=\"has-black-color has-text-color\">Ficou com d\u00favida sobre algum servi\u00e7o?<\/p>\n\n\n\n<p><br><\/p>\n\n\n\n<p class=\"has-black-color has-text-color\">Deixa eu te ajudar, me manda uma mensagem que respondo logo em seguida.<\/p>\n\n\n\n<p><br><\/p>\n\n\n\n<div class=\"wpforms-container wpforms-container-full\" id=\"wpforms-29\"><form id=\"wpforms-form-29\" class=\"wpforms-validate wpforms-form\" data-formid=\"29\" method=\"post\" enctype=\"multipart\/form-data\" action=\"\/index.php?rest_route=%2Fwp%2Fv2%2Fpages%2F111\" data-token=\"f2b7f420e0b2355b786c3b368d41678d\"><noscript class=\"wpforms-error-noscript\">Ative o JavaScript no seu navegador para preencher este formul\u00e1rio.<\/noscript><div class=\"wpforms-field-container\"><div id=\"wpforms-29-field_0-container\" class=\"wpforms-field wpforms-field-name\" data-field-id=\"0\"><label class=\"wpforms-field-label\" for=\"wpforms-29-field_0\">Nome <span class=\"wpforms-required-label\">*<\/span><\/label><input type=\"text\" id=\"wpforms-29-field_0\" class=\"wpforms-field-medium wpforms-field-required\" name=\"wpforms[fields][0]\" placeholder=\"Nome Completo\" required><\/div><div id=\"wpforms-29-field_1-container\" class=\"wpforms-field wpforms-field-email\" data-field-id=\"1\"><label class=\"wpforms-field-label\" for=\"wpforms-29-field_1\">E-mail <span class=\"wpforms-required-label\">*<\/span><\/label><input type=\"email\" id=\"wpforms-29-field_1\" class=\"wpforms-field-medium wpforms-field-required\" name=\"wpforms[fields][1]\" placeholder=\"E-mail\" required><\/div><div id=\"wpforms-29-field_2-container\" class=\"wpforms-field wpforms-field-textarea\" data-field-id=\"2\"><label class=\"wpforms-field-label\" for=\"wpforms-29-field_2\">Mensagem <span class=\"wpforms-required-label\">*<\/span><\/label><textarea id=\"wpforms-29-field_2\" class=\"wpforms-field-medium wpforms-field-required\" name=\"wpforms[fields][2]\" placeholder=\"Mensagem\" required><\/textarea><\/div><\/div><div class=\"wpforms-submit-container\" ><input type=\"hidden\" name=\"wpforms[id]\" value=\"29\"><input type=\"hidden\" name=\"wpforms[author]\" value=\"1\"><button type=\"submit\" name=\"wpforms[submit]\" class=\"wpforms-submit \" id=\"wpforms-submit-29\" value=\"wpforms-submit\" aria-live=\"assertive\" data-alt-text=\"Enviando...\" data-submit-text=\"Enviar\">Enviar<\/button><\/div><\/form><\/div>  <!-- .wpforms-container -->\n\n\n\n<svg xmlns=\"http:\/\/www.w3.org\/2000\/svg\" width=\"16\" height=\"16\" fill=\"currentColor\" class=\"bi bi-box-arrow-in-right\" viewBox=\"0 0 16 16\">\n  <path fill-rule=\"evenodd\" d=\"M6 3.5a.5.5 0 0 1 .5-.5h8a.5.5 0 0 1 .5.5v9a.5.5 0 0 1-.5.5h-8a.5.5 0 0 1-.5-.5v-2a.5.5 0 0 0-1 0v2A1.5 1.5 0 0 0 6.5 14h8a1.5 1.5 0 0 0 1.5-1.5v-9A1.5 1.5 0 0 0 14.5 2h-8A1.5 1.5 0 0 0 5 3.5v2a.5.5 0 0 0 1 0v-2z\"\/>\n  <path fill-rule=\"evenodd\" d=\"M11.854 8.354a.5.5 0 0 0 0-.708l-3-3a.5.5 0 1 0-.708.708L10.293 7.5H1.5a.5.5 0 0 0 0 1h8.793l-2.147 2.146a.5.5 0 0 0 .708.708l3-3z\"\/>\n<p> Teste <\/p> <\/svg>\n\n\n\n<p><\/p>\n","protected":false},"excerpt":{"rendered":"<p>A Adhequar Solu\u00e7\u00f5es em Sa\u00fade conta com os servi\u00e7os de: Ficou com d\u00favida sobre algum servi\u00e7o? Deixa eu te ajudar, me manda uma mensagem que respondo logo em seguida. Teste<\/p>\n","protected":false},"author":1,"featured_media":0,"parent":0,"menu_order":0,"comment_status":"closed","ping_status":"closed","template":"","meta":{"footnotes":""},"class_list":["post-111","page","type-page","status-publish","hentry"],"_links":{"self":[{"href":"https:\/\/adhequar.com.br\/index.php?rest_route=\/wp\/v2\/pages\/111","targetHints":{"allow":["GET"]}}],"collection":[{"href":"https:\/\/adhequar.com.br\/index.php?rest_route=\/wp\/v2\/pages"}],"about":[{"href":"https:\/\/adhequar.com.br\/index.php?rest_route=\/wp\/v2\/types\/page"}],"author":[{"embeddable":true,"href":"https:\/\/adhequar.com.br\/index.php?rest_route=\/wp\/v2\/users\/1"}],"replies":[{"embeddable":true,"href":"https:\/\/adhequar.com.br\/index.php?rest_route=%2Fwp%2Fv2%2Fcomments&post=111"}],"version-history":[{"count":17,"href":"https:\/\/adhequar.com.br\/index.php?rest_route=\/wp\/v2\/pages\/111\/revisions"}],"predecessor-version":[{"id":212,"href":"https:\/\/adhequar.com.br\/index.php?rest_route=\/wp\/v2\/pages\/111\/revisions\/212"}],"wp:attachment":[{"href":"https:\/\/adhequar.com.br\/index.php?rest_route=%2Fwp%2Fv2%2Fmedia&parent=111"}],"curies":[{"name":"wp","href":"https:\/\/api.w.org\/{rel}","templated":true}]}}