{"id":5,"date":"2021-06-25T22:44:27","date_gmt":"2021-06-26T01:44:27","guid":{"rendered":"https:\/\/adhequar.com.br\/?page_id=5"},"modified":"2024-06-25T14:47:06","modified_gmt":"2024-06-25T17:47:06","slug":"mesmerize","status":"publish","type":"page","link":"https:\/\/adhequar.com.br\/","title":{"rendered":"Front Page"},"content":{"rendered":"<div  id=\"latest-news-1\" style=\"background-color: #f5fafd;\" data-label=\"Latest-news\" data-id=\"blog-section\" data-export-id=\"blog-section\" data-category=\"latest_news\" class=\"blog-section blog-section-standard content-section content-section-spacing\"><div  class=\"gridContainer\"> <div  class=\"row\"><div  data-type=\"column\" class=\"section-title-col\"> <h2  class=\"\">Posts<\/h2> <p  class=\"lead\">Acompanhe todos nossos posts.<\/p><\/div> <\/div> <div  class=\"row\"> <div  data-type=\"row\" data-dynamic-columns=\"handled\" data-content-shortcode=\"mesmerize_latest_news\">        <div class=\"row center-sm content-left-sm\">\n                    <div id=\"post-186\" class=\"col-sm-6 col-md-4 space-bottom space-bottom-xs\">\n                <div class=\"post-content card y-move bordered\">\n                        <div class=\"post-thumbnail\">\n        <a href=\"https:\/\/adhequar.com.br\/?p=186\" class=\"post-list-item-thumb \">\n\t\t\t\n\t\t\t\t                    <svg class=\"mesmerize-post-list-item-thumb-placeholder\" width=\"890\" height=\"580\"\n                         viewBox=\"0 0 890 580\" preserveAspectRatio=\"none\">\n                        <rect width=\"890\" height=\"580\"\n                              style=\"fill:#3B9918;\"><\/rect>\n                    <\/svg>\n\t\t\t\t\t\t\t        <\/a>\n    <\/div>\n\t                    <div class=\"col-padding col-padding-xs\">\n                        <h3 class=\"post-title space-bottom-small\">\n                            <a href=\"https:\/\/adhequar.com.br\/?p=186\" rel=\"bookmark\">\n                                Regula\u00e7\u00e3o em Sa\u00fade X Judicializa\u00e7\u00e3o                            <\/a>\n                        <\/h3>\n                        <p>O Minist\u00e9rio da Sa\u00fade publicou o Manual de Boas Pr\u00e1ticas de Gest\u00e3o das \u00d3rteses, Pr\u00f3teses e Materiais Especiais (OPME) em 2016, e define as OPMEs como insumos utilizados na assist\u00eancia[&hellip;]<\/p>\n                        <a class=\"read-more link\" href=\"https:\/\/adhequar.com.br\/?p=186\">\n                            Read more                        <\/a>\n                    <\/div>\n                <\/div>\n            <\/div>\n                    <div id=\"post-159\" class=\"col-sm-6 col-md-4 space-bottom space-bottom-xs\">\n                <div class=\"post-content card y-move bordered\">\n                        <div class=\"post-thumbnail\">\n        <a href=\"https:\/\/adhequar.com.br\/?p=159\" class=\"post-list-item-thumb \">\n\t\t\t\n\t\t\t\t                    <svg class=\"mesmerize-post-list-item-thumb-placeholder\" width=\"890\" height=\"580\"\n                         viewBox=\"0 0 890 580\" preserveAspectRatio=\"none\">\n                        <rect width=\"890\" height=\"580\"\n                              style=\"fill:#3B9918;\"><\/rect>\n                    <\/svg>\n\t\t\t\t\t\t\t        <\/a>\n    <\/div>\n\t                    <div class=\"col-padding col-padding-xs\">\n                        <h3 class=\"post-title space-bottom-small\">\n                            <a href=\"https:\/\/adhequar.com.br\/?p=159\" rel=\"bookmark\">\n                                NEGOCIA\u00c7\u00c3O EM OPME                            <\/a>\n                        <\/h3>\n                        <p>O servi\u00e7o de parecer com negocia\u00e7\u00e3o oferecido para as operadoras de sa\u00fade pela Adhequar contempla a an\u00e1lise t\u00e9cnica dos materiais solicitados pelo m\u00e9dico assistente, como tamb\u00e9m a negocia\u00e7\u00e3o destes itens.[&hellip;]<\/p>\n                        <a class=\"read-more link\" href=\"https:\/\/adhequar.com.br\/?p=159\">\n                            Read more                        <\/a>\n                    <\/div>\n                <\/div>\n            <\/div>\n            <\/div>\n    <\/div><\/div> <div  class=\"row\"><div  class=\"text-center\"> <a  class=\"button color1\" data-attr-shortcode=\"href:mesmerize_blog_link\" href=\"https:\/\/adhequar.com.br\/?page_id=6\">TODOS POSTS<\/a><\/div> <\/div><\/div><\/div><div  id=\"cta-1\" data-label=\"Cta\" data-id=\"cta-blue-section\" data-export-id=\"cta-blue-section\" data-category=\"cta\" class=\"cta-blue-section content-section content-section-spacing-medium bg-color1 white-text\"><div  class=\"gridContainer\"> <div  class=\"row middle-xs\"><div  class=\"col-sm-8 space-bottom-xs\" data-type=\"column\"> <h2  class=\"no-after\" style=\"border-bottom-color: rgb(49, 45, 39);\">Receba as novidades no seu E-mail!<\/h2> <\/div> <div  class=\"col-sm-4 end-sm\" data-type=\"column\"> <a class=\"button color2\" href=\"https:\/\/adhequar.com.br?page_id=68\" target=\"_self\" data-cp-link=\"1\" rel=\"noopener\">CADASTRAR<\/a><\/div> <\/div><\/div> <\/div><div  id=\"contact-1\" data-label=\"Contact\" data-id=\"contact-1\" data-export-id=\"contact-1\" data-category=\"contact\" class=\"contact-1 content-section content-section-spacing white-text\" data-parallax-depth=\"20\"><div  class=\"\"> <div  class=\"row text-center\"><div  class=\"section-title-col\" data-type=\"column\"> <h2  class=\"\">Fale Conosco<\/h2> <p  class=\"lead\">Nos diga como podemos ajudar!<\/p><\/div> <\/div> <div  class=\"row text-center\"> <div  class=\"col-xs-12 col-sm-8 col-sm-offset-2 contact-form-wrapper inline-info\"> <div  class=\"card large-padding\"> <div  class=\"\" data-content-shortcode=\"mesmerize_contact_form shortcode=&quot;wpforms id=&amp;amp;quot;29&amp;amp;quot;&quot;\" data-editable=\"true\"><div class=\"wpforms-container wpforms-container-full\" id=\"wpforms-29\"><form id=\"wpforms-form-29\" class=\"wpforms-validate wpforms-form\" data-formid=\"29\" method=\"post\" enctype=\"multipart\/form-data\" action=\"\/index.php?rest_route=%2Fwp%2Fv2%2Fpages%2F5\" data-token=\"f2b7f420e0b2355b786c3b368d41678d\"><noscript class=\"wpforms-error-noscript\">Ative o JavaScript no seu navegador para preencher este formul\u00e1rio.<\/noscript><div class=\"wpforms-field-container\"><div id=\"wpforms-29-field_0-container\" class=\"wpforms-field wpforms-field-name\" data-field-id=\"0\"><label class=\"wpforms-field-label\" for=\"wpforms-29-field_0\">Nome <span class=\"wpforms-required-label\">*<\/span><\/label><input type=\"text\" id=\"wpforms-29-field_0\" class=\"wpforms-field-medium wpforms-field-required\" name=\"wpforms[fields][0]\" placeholder=\"Nome Completo\" required><\/div><div id=\"wpforms-29-field_1-container\" class=\"wpforms-field wpforms-field-email\" data-field-id=\"1\"><label class=\"wpforms-field-label\" for=\"wpforms-29-field_1\">E-mail <span class=\"wpforms-required-label\">*<\/span><\/label><input type=\"email\" id=\"wpforms-29-field_1\" class=\"wpforms-field-medium wpforms-field-required\" name=\"wpforms[fields][1]\" placeholder=\"E-mail\" required><\/div><div id=\"wpforms-29-field_2-container\" class=\"wpforms-field wpforms-field-textarea\" data-field-id=\"2\"><label class=\"wpforms-field-label\" for=\"wpforms-29-field_2\">Mensagem <span class=\"wpforms-required-label\">*<\/span><\/label><textarea id=\"wpforms-29-field_2\" class=\"wpforms-field-medium wpforms-field-required\" name=\"wpforms[fields][2]\" placeholder=\"Mensagem\" required><\/textarea><\/div><\/div><div class=\"wpforms-submit-container\" ><input type=\"hidden\" name=\"wpforms[id]\" value=\"29\"><input type=\"hidden\" name=\"wpforms[author]\" value=\"1\"><button type=\"submit\" name=\"wpforms[submit]\" class=\"wpforms-submit \" id=\"wpforms-submit-29\" value=\"wpforms-submit\" aria-live=\"assertive\" data-alt-text=\"Enviando...\" data-submit-text=\"Enviar\">Enviar<\/button><\/div><\/form><\/div>  <!-- .wpforms-container --><\/div><\/div> <\/div><\/div> <\/div><\/div>","protected":false},"excerpt":{"rendered":"<p>Posts Acompanhe todos nossos posts. TODOS POSTS Receba as novidades no seu E-mail! CADASTRAR Fale Conosco Nos diga como podemos ajudar!<\/p>\n","protected":false},"author":1,"featured_media":0,"parent":0,"menu_order":0,"comment_status":"closed","ping_status":"closed","template":"page-templates\/homepage.php","meta":{"footnotes":""},"class_list":["post-5","page","type-page","status-publish","hentry"],"_links":{"self":[{"href":"https:\/\/adhequar.com.br\/index.php?rest_route=\/wp\/v2\/pages\/5","targetHints":{"allow":["GET"]}}],"collection":[{"href":"https:\/\/adhequar.com.br\/index.php?rest_route=\/wp\/v2\/pages"}],"about":[{"href":"https:\/\/adhequar.com.br\/index.php?rest_route=\/wp\/v2\/types\/page"}],"author":[{"embeddable":true,"href":"https:\/\/adhequar.com.br\/index.php?rest_route=\/wp\/v2\/users\/1"}],"replies":[{"embeddable":true,"href":"https:\/\/adhequar.com.br\/index.php?rest_route=%2Fwp%2Fv2%2Fcomments&post=5"}],"version-history":[{"count":14,"href":"https:\/\/adhequar.com.br\/index.php?rest_route=\/wp\/v2\/pages\/5\/revisions"}],"predecessor-version":[{"id":92,"href":"https:\/\/adhequar.com.br\/index.php?rest_route=\/wp\/v2\/pages\/5\/revisions\/92"}],"wp:attachment":[{"href":"https:\/\/adhequar.com.br\/index.php?rest_route=%2Fwp%2Fv2%2Fmedia&parent=5"}],"curies":[{"name":"wp","href":"https:\/\/api.w.org\/{rel}","templated":true}]}}